{"id":1070,"date":"2024-05-07T23:18:11","date_gmt":"2024-05-07T21:18:11","guid":{"rendered":"https:\/\/nostrecasa.com\/?page_id=1070"},"modified":"2024-05-08T03:50:02","modified_gmt":"2024-05-08T01:50:02","slug":"politicas","status":"publish","type":"page","link":"https:\/\/nostrecasa.com\/index.php\/politicas\/","title":{"rendered":"Pol\u00edticas"},"content":{"rendered":"\t\t<div data-elementor-type=\"wp-page\" data-elementor-id=\"1070\" class=\"elementor elementor-1070\" data-elementor-post-type=\"page\">\n\t\t\t\t\t\t<section class=\"elementor-section elementor-top-section elementor-element elementor-element-3ecb0c0f elementor-section-height-min-height elementor-section-content-middle elementor-section-boxed elementor-section-height-default elementor-section-items-middle\" data-id=\"3ecb0c0f\" data-element_type=\"section\" data-settings=\"{&quot;background_background&quot;:&quot;classic&quot;}\">\n\t\t\t\t\t\t\t<div class=\"elementor-background-overlay\"><\/div>\n\t\t\t\t\t\t\t<div class=\"elementor-container elementor-column-gap-default\">\n\t\t\t\t\t<div class=\"elementor-column elementor-col-100 elementor-top-column elementor-element elementor-element-9f9b5e2\" data-id=\"9f9b5e2\" data-element_type=\"column\">\n\t\t\t<div class=\"elementor-widget-wrap\">\n\t\t\t\t\t\t\t<\/div>\n\t\t<\/div>\n\t\t\t\t\t<\/div>\n\t\t<\/section>\n\t\t\t\t<section class=\"elementor-section elementor-top-section elementor-element elementor-element-5593667a elementor-section-height-min-height elementor-section-items-top elementor-section-boxed elementor-section-height-default\" data-id=\"5593667a\" data-element_type=\"section\">\n\t\t\t\t\t\t<div class=\"elementor-container elementor-column-gap-default\">\n\t\t\t\t\t<div class=\"elementor-column elementor-col-100 elementor-top-column elementor-element elementor-element-bcb2cf8\" data-id=\"bcb2cf8\" data-element_type=\"column\">\n\t\t\t<div class=\"elementor-widget-wrap elementor-element-populated\">\n\t\t\t\t<div class=\"elementor-element elementor-element-075db60 e-flex e-con-boxed e-con e-parent\" data-id=\"075db60\" data-element_type=\"container\">\n\t\t\t\t\t<div class=\"e-con-inner\">\n\t\t\t\t<div class=\"elementor-element elementor-element-bd9374a elementor-widget elementor-widget-heading\" data-id=\"bd9374a\" data-element_type=\"widget\" data-widget_type=\"heading.default\">\n\t\t\t\t<div class=\"elementor-widget-container\">\n\t\t\t<style>\/*! elementor - v3.23.0 - 05-08-2024 *\/\n.elementor-heading-title{padding:0;margin:0;line-height:1}.elementor-widget-heading .elementor-heading-title[class*=elementor-size-]>a{color:inherit;font-size:inherit;line-height:inherit}.elementor-widget-heading .elementor-heading-title.elementor-size-small{font-size:15px}.elementor-widget-heading .elementor-heading-title.elementor-size-medium{font-size:19px}.elementor-widget-heading .elementor-heading-title.elementor-size-large{font-size:29px}.elementor-widget-heading .elementor-heading-title.elementor-size-xl{font-size:39px}.elementor-widget-heading .elementor-heading-title.elementor-size-xxl{font-size:59px}<\/style><h2 class=\"elementor-heading-title elementor-size-default\">Pol\u00edtica de Privacidad<\/h2>\t\t<\/div>\n\t\t\t\t<\/div>\n\t\t\t\t<div class=\"elementor-element elementor-element-0f1132f elementor-widget elementor-widget-text-editor\" data-id=\"0f1132f\" data-element_type=\"widget\" data-widget_type=\"text-editor.default\">\n\t\t\t\t<div class=\"elementor-widget-container\">\n\t\t\t<style>\/*! elementor - v3.23.0 - 05-08-2024 *\/\n.elementor-widget-text-editor.elementor-drop-cap-view-stacked .elementor-drop-cap{background-color:#69727d;color:#fff}.elementor-widget-text-editor.elementor-drop-cap-view-framed .elementor-drop-cap{color:#69727d;border:3px solid;background-color:transparent}.elementor-widget-text-editor:not(.elementor-drop-cap-view-default) .elementor-drop-cap{margin-top:8px}.elementor-widget-text-editor:not(.elementor-drop-cap-view-default) .elementor-drop-cap-letter{width:1em;height:1em}.elementor-widget-text-editor .elementor-drop-cap{float:left;text-align:center;line-height:1;font-size:50px}.elementor-widget-text-editor .elementor-drop-cap-letter{display:inline-block}<\/style>\t\t\t\t<p><strong style=\"font-style: inherit; color: var( --e-global-color-secondary ); font-family: var( --e-global-typography-text-font-family ), Sans-serif; text-align: var(--text-align); background-color: var(--ast-global-color-5);\">OBJETO DE LA POL\u00cdTICA DE PRIVACIDAD<\/strong><\/p>\n<p>Berpla Group S.L. , act\u00faa como titular, dinamizador y gestor de contenidos de la presente Web. Berpla Group S.L.&nbsp;informa a los Usuarios que cumple con la vigente normativa de protecci\u00f3n de datos, y con car\u00e1cter especial, con la Ley Org\u00e1nica 15\/1999, de 13 de Diciembre, de Protecci\u00f3n de Datos de Car\u00e1cter Personal y con la Ley de la Sociedad de Servicios de la Informaci\u00f3n y Comercio Electr\u00f3nico, Ley 34\/2002, de 11 de julio.<\/p>\n<p>Cualquier otra actividad comercial, mercantil, administrativa o de contrataci\u00f3n de bienes y\/o servicios es responsabilidad de la empresa mencionada anteriormente, propietaria de este dominio, y que opera con la marca www.nostrecasa.com&nbsp;para la presentaci\u00f3n de los distintos servicios de desarrollo de soluciones para Internet, del tipo asesoramiento, dominios y hospedaje web + email, dise\u00f1o y creaci\u00f3n de webs corporativas y soluciones de comercio electr\u00f3nico avanzadas.<\/p>\n<p>De acuerdo con lo dispuesto en la normativa vigente, Berpla Group S.L.&nbsp;s\u00f3lo recoge los datos estrictamente necesarios para ofrecer los servicios derivados de su actividad y dem\u00e1s prestaciones, servicios y actividades atribuidas por la Ley. La presente pol\u00edtica de protecci\u00f3n de datos podr\u00e1 variar con el tiempo debido a los posibles cambios legislativos, jurisprudenciales o de los criterios seguidos por la Agencia Espa\u00f1ola de Protecci\u00f3n de Datos y\/o la autoridad competente en cada momento. Es por ello que Berpla Group S.L.&nbsp;se reserva el derecho a modificar el presente aviso legal para adaptarlo a novedades legislativas o jurisprudenciales que se encuentran vigentes en el momento preciso en que se acceda a la website, as\u00ed como a pr\u00e1cticas del sector. En los anteriores supuestos, Nostre Casa anunciar\u00e1 en esta p\u00e1gina Web, los cambios introducidos con la suficiente antelaci\u00f3n a su puesta en pr\u00e1ctica.<\/p>\n<p><strong>CONFIDENCIALIDAD<\/strong><\/p>\n<p>Todos los datos que puedan proporcionarse mediante correo electr\u00f3nico o formularios electr\u00f3nicos ser\u00e1n tratados seg\u00fan la normativa vigente sobre protecci\u00f3n de datos personales, y en todo caso tendr\u00e1n el car\u00e1cter de confidencial para el personal de Berpla Group S.L.&nbsp;que gestione dicha informaci\u00f3n.<\/p>\n<p><strong>INFORMACI\u00d3N SOBRE LA VOLUNTARIEDAD DE DEJAR LOS DATOS Y CONSECUENCIAS<\/strong><\/p>\n<p><strong>VOLUNTARIEDAD<\/strong><\/p>\n<p>Se informa a los Usuarios de la website, que las respuestas a las preguntas planteadas en los formularios de recogida de datos contenidos en la presente website tienen car\u00e1cter voluntario, si bien la negativa a facilitar los datos solicitados puede comportar la imposibilidad de acceso a los servicios que lo requieran.<\/p>\n<p><strong>CONSECUENCIA<\/strong><\/p>\n<p>Mediante la implementaci\u00f3n de los formularios incluidos en la website, relativos a la dinamizaci\u00f3n y gesti\u00f3n de contenidos realizados por Berpla Group S.L.&nbsp;los Usuarios aceptan la inclusi\u00f3n y tratamiento de los datos que proporcionen en un fichero de datos de car\u00e1cter personal, del cual es titular Nostre Casa , pudi\u00e9ndose ejercer los derechos pertinentes seg\u00fan la cl\u00e1usula siguiente.<\/p>\n<p><strong>INFORMACI\u00d3N AL USUARIO SOBRE LOS DERECHOS DE RECTIFICACI\u00d3N, ACCESO, OPOSICI\u00d3N Y CANCELACI\u00d3N DE SUS DATOS<\/strong><\/p>\n<p>Los Usuarios podr\u00e1n ejercitar, respecto de los datos recabados en la forma descrita en el punto anterior, los derechos reconocidos en la Ley Org\u00e1nica 15\/1999, y en particular los derechos de acceso, rectificaci\u00f3n, oposici\u00f3n y\/o cancelaci\u00f3n de datos. Los derechos referidos en el p\u00e1rrafo precedente, podr\u00e1n ejercitarse por cada Usuario mediante solicitud escrita y firmada, acompa\u00f1ada de fotocopia de DNI o Pasaporte, dirigida a la siguiente direcci\u00f3n:<\/p>\n<p>Berpla Group S.L.<br><\/p>\n<p>Direcci\u00f3n: Calle la reina 6 bajo 2&nbsp;<\/p>\n<p><span style=\"text-align: var(--text-align); background-color: var(--ast-global-color-5);\">C\u00f3digo postal :46011<\/span><\/p>\n<p><span style=\"font-style: inherit; font-weight: inherit; color: var( --e-global-color-secondary ); font-family: var( --e-global-typography-text-font-family ), Sans-serif; text-align: var(--text-align); background-color: var(--ast-global-color-5);\">Asimismo, si un Usuario no desea recibir informaci\u00f3n v\u00eda correo electr\u00f3nico o cualquier otro medio, podr\u00e1 comunicarlo por cualquier medio que quede constancia de su recepci\u00f3n a Nostre Casa en la direcci\u00f3n indicada.<\/span><\/p>\n<p><strong>INFORMACI\u00d3N SOBRE LOS DATOS QUE SE CONSERVAN, DURANTE CUANTO TIEMPO Y CON QU\u00c9 FINALIDAD<\/strong><\/p>\n<p><strong>DATOS QUE SE CONSERVAN<\/strong><\/p>\n<p>Exclusivamente datos de contacto (car\u00e1cter b\u00e1sico), como son el nombre, apellido y e-mail. Esta informaci\u00f3n es recibida por Berpla Group S.L.&nbsp;y no ser\u00e1n cedidos, vendidos, o arrendados a otras empresas externas vinculadas al nuestro sector de actividad ni a ning\u00fan otro.<\/p>\n<p>Nostre Casa es responsable de estos ficheros de datos de car\u00e1cter personal, creados por y para Berpla Group S.L.&nbsp;con las finalidades de realizar el mantenimiento y gesti\u00f3n de la relaci\u00f3n con los Usuarios, informaci\u00f3n y distribuci\u00f3n de los servicios de la organizaci\u00f3n, as\u00ed como la realizaci\u00f3n de actividades diversas.<\/p>\n<p><strong>CON QU\u00c9 FINALIDAD<\/strong><\/p>\n<p>Asimismo, le informamos que la informaci\u00f3n de las bases de datos podr\u00e1 ser usada para la identificaci\u00f3n de los Usuarios y para la realizaci\u00f3n de estudios estad\u00edsticos de los Usuarios registrados.<\/p>\n<p>Durante el proceso de recogida de datos, y siempre que se soliciten datos, los Usuarios ser\u00e1n informados del car\u00e1cter obligatorio o voluntario de la recogida de datos y, en caso de que no se deduzca impl\u00edcitamente del formulario electr\u00f3nico en cuesti\u00f3n, de la necesidad de implementaci\u00f3n de los mismos para el acceso de los Usuarios a determinados contenidos facilitados en la website.<\/p>\n<p>En su caso, se solicitar\u00e1 a los Usuarios su consentimiento para que Berpla Group S.L.&nbsp;pueda hacer uso de sus datos a fin de remitirle informaci\u00f3n relativa a la entidad, a las actividades que desarrolla o a otros temas relacionados.<\/p>\n<p><strong>COMPROMISO DEL USUARIO PARA QUE SUS DATOS EST\u00c9N INSCRITOS EN UN FICHERO.<\/strong><\/p>\n<p>El introducir los datos en alguna o algunas de las hojas de captaci\u00f3n de datos implica el aceptar las presentes condiciones de uso y pol\u00edtica de privacidad, dando por entendido que ha sido informado de las condiciones de uso y aviso legal de las mismas y que se compromete a su entero cumplimiento durante la navegaci\u00f3n y participaci\u00f3n en la Web www.nostrecasa.com<\/p>\n<p><strong>EVITAR LA TRANSMISI\u00d3N DE DATOS A TERCERAS EMPRESAS SIN CONSENTIMIENTO DEL USUARIO.<\/strong><\/p>\n<p>Asimismo, y salvo que se haya informado al Usuario de la posible existencia de cesiones de sus datos a terceros, en ning\u00fan supuesto, salvo los casos amparados por la legislaci\u00f3n vigente y las autorizaciones de los p\u00e1rrafos siguientes, ning\u00fan tercero ajeno a Berpla Group S.L.&nbsp;tendr\u00e1 acceso, sin el consentimiento expreso de los Usuarios, a sus datos personales y\/o de navegaci\u00f3n. En el resto de los casos Berpla Group S.L.&nbsp;colaborar\u00e1 para que los terceros cumplan con la legislaci\u00f3n vigente, si bien la responsabilidad ser\u00e1 exigible a los citados terceros.<\/p>\n<p><span style=\"color: var( --e-global-color-secondary ); font-family: var( --e-global-typography-text-font-family ), Sans-serif; font-weight: var( --e-global-typography-text-font-weight ); text-align: var(--text-align); background-color: var(--ast-global-color-5); font-size: 1rem;\">Berpla Group S.L.<\/span>&nbsp;no vender\u00e1, alquilar\u00e1 o ceder\u00e1 los datos personales de los usuarios de esta Web, a empresas externas a Nostre Casa vinculadas al mismo sector de actividad de nuestra Organizaci\u00f3n ni a ning\u00fan otro.<\/p>\n<p><span style=\"color: var( --e-global-color-secondary ); font-family: var( --e-global-typography-text-font-family ), Sans-serif; font-weight: var( --e-global-typography-text-font-weight ); text-align: var(--text-align); background-color: var(--ast-global-color-5); font-size: 1rem;\">Berpla Group S.L.<\/span>&nbsp;, no vender\u00e1, alquilar\u00e1 o ceder\u00e1 los e-mails de sus usuarios a otras empresas, externas a Nostre Casa vinculadas al mismo sector de actividad que nuestra Organizaci\u00f3n ni a ning\u00fan otro, seg\u00fan lo expuesto en los formularios informativos de captaci\u00f3n de datos de car\u00e1cter personal.<\/p>\n<p><strong>BAJA DE LA LISTA DE DISTRIBUCI\u00d3N DE INFORMACI\u00d3N<\/strong><\/p>\n<p>Ocasionalmente, Berpla Group S.L.&nbsp;puede enviar un email notificando mejoras, novedades u ofertas, que se produzcan en esta p\u00e1gina Web. En cualquier momento pueden darse de baja enviando un email a (admin@nostrecasa.com).<\/p>\n<p><strong>RESPONSABILIDAD DE LOS USUARIOS POR USO Y CONTENIDO<\/strong><\/p>\n<p>Tanto el acceso a los websites como el uso que pueda realizarse de la informaci\u00f3n y contenidos incluidos en los mismos, ser\u00e1 de exclusiva responsabilidad de quien lo realice. Por tanto, el uso que pueda hacerse de la informaci\u00f3n, im\u00e1genes, contenidos y\/o productos rese\u00f1ados y accesibles a trav\u00e9s del mismo, estar\u00e1 supeditada a la legalidad, sea nacional o internacional, aplicable, as\u00ed como a los principios de buena fe y uso l\u00edcito por parte de los Usuarios, quienes ser\u00e1n enteramente responsables de dicho acceso y correcto uso. Los Usuarios estar\u00e1n obligados a hacer un uso razonable de los servicios o contenidos, bajo el principio de buena fe y con respeto a la legalidad vigente, a la moral, al orden p\u00fablico, a las buenas costumbres, a los derechos de terceros o de la propia empresa, todo ello seg\u00fan las posibilidades y fines para los que est\u00e1n concebidos. Nostre Casa no asume responsabilidades, ya sean directas o indirectas, por da\u00f1o emergente o lucro cesante, derivadas del mal uso de los servicios o contenidos realizado por los Usuarios o terceros.<\/p>\n<p><strong>INFORMACI\u00d3N LSSI-CE<\/strong><\/p>\n<p>En cumplimiento del deber de informaci\u00f3n contemplado en el art\u00edculo 10 de la vigente Ley 34\/2002, de 11 de julio, de Servicios de la Sociedad de la Informaci\u00f3n y de Comercio Electr\u00f3nico, le comunicamos que la dinamizadora y gestora de contenidos de la Web es Nostre Casa con domicilio en Calle la reina 6 bajo 2, y con la gesti\u00f3n del dominio de Internet www.nostrecasa.com&nbsp;inscrito en el registro correspondiente, atendiendo a comunicaciones de los usuarios y\/o interesados a trav\u00e9s del e-mail (admin@nostrecasa.com). Cualquier otra actividad comercial, mercantil, administrativa o de contrataci\u00f3n de bienes y\/o servicios es responsabilidad de la empresa mencionada anteriormente, propietaria de este dominio, que opera con la marca Nostre Casa.<\/p>\t\t\t\t\t\t<\/div>\n\t\t\t\t<\/div>\n\t\t\t\t\t<\/div>\n\t\t\t\t<\/div>\n\t\t\t\t\t<\/div>\n\t\t<\/div>\n\t\t\t\t\t<\/div>\n\t\t<\/section>\n\t\t\t\t<\/div>\n\t\t","protected":false},"excerpt":{"rendered":"<p>Pol\u00edtica de Privacidad OBJETO DE LA POL\u00cdTICA DE PRIVACIDAD Berpla Group S.L. , act\u00faa como titular, dinamizador y gestor de [&hellip;]<\/p>\n","protected":false},"author":1,"featured_media":0,"parent":0,"menu_order":0,"comment_status":"closed","ping_status":"closed","template":"","meta":{"site-sidebar-layout":"no-sidebar","site-content-layout":"","ast-site-content-layout":"full-width-container","site-content-style":"default","site-sidebar-style":"default","ast-global-header-display":"","ast-banner-title-visibility":"","ast-main-header-display":"","ast-hfb-above-header-display":"","ast-hfb-below-header-display":"","ast-hfb-mobile-header-display":"","site-post-title":"disabled","ast-breadcrumbs-content":"","ast-featured-img":"disabled","footer-sml-layout":"","theme-transparent-header-meta":"","adv-header-id-meta":"","stick-header-meta":"","header-above-stick-meta":"","header-main-stick-meta":"","header-below-stick-meta":"","astra-migrate-meta-layouts":"default","ast-page-background-enabled":"default","ast-page-background-meta":{"desktop":{"background-color":"var(--ast-global-color-4)","background-image":"","background-repeat":"repeat","background-position":"center center","background-size":"auto","background-attachment":"scroll","background-type":"","background-media":"","overlay-type":"","overlay-color":"","overlay-gradient":""},"tablet":{"background-color":"","background-image":"","background-repeat":"repeat","background-position":"center center","background-size":"auto","background-attachment":"scroll","background-type":"","background-media":"","overlay-type":"","overlay-color":"","overlay-gradient":""},"mobile":{"background-color":"","background-image":"","background-repeat":"repeat","background-position":"center center","background-size":"auto","background-attachment":"scroll","background-type":"","background-media":"","overlay-type":"","overlay-color":"","overlay-gradient":""}},"ast-content-background-meta":{"desktop":{"background-color":"var(--ast-global-color-5)","background-image":"","background-repeat":"repeat","background-position":"center center","background-size":"auto","background-attachment":"scroll","background-type":"","background-media":"","overlay-type":"","overlay-color":"","overlay-gradient":""},"tablet":{"background-color":"var(--ast-global-color-5)","background-image":"","background-repeat":"repeat","background-position":"center center","background-size":"auto","background-attachment":"scroll","background-type":"","background-media":"","overlay-type":"","overlay-color":"","overlay-gradient":""},"mobile":{"background-color":"var(--ast-global-color-5)","background-image":"","background-repeat":"repeat","background-position":"center center","background-size":"auto","background-attachment":"scroll","background-type":"","background-media":"","overlay-type":"","overlay-color":"","overlay-gradient":""}},"footnotes":""},"_links":{"self":[{"href":"https:\/\/nostrecasa.com\/index.php\/wp-json\/wp\/v2\/pages\/1070"}],"collection":[{"href":"https:\/\/nostrecasa.com\/index.php\/wp-json\/wp\/v2\/pages"}],"about":[{"href":"https:\/\/nostrecasa.com\/index.php\/wp-json\/wp\/v2\/types\/page"}],"author":[{"embeddable":true,"href":"https:\/\/nostrecasa.com\/index.php\/wp-json\/wp\/v2\/users\/1"}],"replies":[{"embeddable":true,"href":"https:\/\/nostrecasa.com\/index.php\/wp-json\/wp\/v2\/comments?post=1070"}],"version-history":[{"count":14,"href":"https:\/\/nostrecasa.com\/index.php\/wp-json\/wp\/v2\/pages\/1070\/revisions"}],"predecessor-version":[{"id":1165,"href":"https:\/\/nostrecasa.com\/index.php\/wp-json\/wp\/v2\/pages\/1070\/revisions\/1165"}],"wp:attachment":[{"href":"https:\/\/nostrecasa.com\/index.php\/wp-json\/wp\/v2\/media?parent=1070"}],"curies":[{"name":"wp","href":"https:\/\/api.w.org\/{rel}","templated":true}]}}